{"id":1663,"date":"2025-04-04T18:27:49","date_gmt":"2025-04-04T15:27:49","guid":{"rendered":"https:\/\/floripaaventura.com\/?post_type=product&#038;p=1663"},"modified":"2026-03-30T19:14:29","modified_gmt":"2026-03-30T16:14:29","slug":"navegar-de-veleiro","status":"publish","type":"product","link":"https:\/\/floripaaventura.com\/pt\/product\/navegar-de-veleiro\/","title":{"rendered":"NAVEGAR DE VELEIRO"},"content":{"rendered":"<div style=\"border: 1px solid #00e0e0; border-radius: 10px; padding: 20px; font-family: 'Arial', sans-serif; max-width: 900px; margin: auto;\">\n<h2 style=\"font-size: 26px; color: #00a8f0; display: flex; align-items: center; gap: 10px;\">\u26f5 Navegar de Veleiro \u2013 Uma experi\u00eancia exclusiva pelo mar de Floripa<\/h2>\n<p style=\"margin-bottom: 20px; color: #222; max-width: 700px;\">Relaxe, contemple e viva o melhor da ilha a bordo de um veleiro completo e confort\u00e1vel. Ideal para momentos rom\u00e2nticos, descanso ou conex\u00e3o com a natureza.<\/p>\n<p><!-- IN\u00cdCIO DA FICHA T\u00c9CNICA --><\/p>\n<div style=\"margin-bottom: 30px;\">\n<h3 style=\"color: #00a8f0; font-size: 20px; margin-bottom: 10px;\">\ud83d\udccb Ficha t\u00e9cnica<\/h3>\n<ul style=\"line-height: 1.6;\">\n<li><strong style=\"color: #333;\">\ud83d\udccd Local:<\/strong> Marina de Santo Ant\u00f4nio de Lisboa<\/li>\n<li><strong style=\"color: #333;\">\ud83d\udee5\ufe0f Embarca\u00e7\u00e3o:<\/strong> Veleiro de 41 p\u00e9s com cabines, banheiros, sala, cozinha e \u00e1rea externa<\/li>\n<li><strong style=\"color: #333;\">\ud83d\udc68\u200d\u2708\ufe0f Capit\u00e3o:<\/strong> Marcelo Gentil<\/li>\n<li><strong style=\"color: #333;\">\ud83c\udf92 Inclui:<\/strong> Caiaque, coletes salva-vidas, flutuadores, m\u00e1scara, snorkel e p\u00e9 de pato<\/li>\n<\/ul>\n<\/div>\n<p><!-- FIM DA FICHA T\u00c9CNICA --><\/p>\n<p><!-- IN\u00cdCIO DO STORYTELLING --><\/p>\n<div style=\"margin-bottom: 30px; background-color: #fdfdfd; border-left: 4px solid #00e0e0; padding: 20px; border-radius: 10px; box-shadow: 0 0 8px rgba(0, 160, 240, 0.1);\">\n<h3 style=\"color: #00a8f0; font-size: 20px; margin-bottom: 10px;\">\ud83c\udf0a Transforme sua viagem em uma experi\u00eancia marcante<\/h3>\n<p style=\"color: #222; margin: 0;\">Viva momentos inesquec\u00edveis com quem voc\u00ea ama em um passeio tranquilo pelas \u00e1guas cristalinas de Florian\u00f3polis. Uma jornada para relaxar, mergulhar e se reconectar com a natureza ao som do mar.<\/p>\n<\/div>\n<p><!-- FIM DO STORYTELLING --><\/p>\n<p><!-- PLANOS --><\/p>\n<div style=\"background-color: #f0f8ff; border-left: 5px solid #f01010; padding: 15px; margin-top: 30px; box-shadow: 0px 0px 10px rgba(255, 0, 0, 0.3); border-radius: 10px;\">\n<h3 style=\"color: #f01010; text-shadow: 0 0 3px rgba(255,0,0,0.5); display: flex; align-items: center; gap: 8px; font-size: 20px;\">\ud83d\udd25 Modalidades dispon\u00edveis<\/h3>\n<ul style=\"line-height: 1.6;\">\n<li><strong>\ud83c\udf05 Day Charter (6 horas)<\/strong><br \/>\nCheck-in: 9:15 \/ Desembarque: 16:00<br \/>\nR$ 2.500 at\u00e9 6 pessoas<br \/>\nR$ 3.500 at\u00e9 10 pessoas<\/li>\n<li style=\"margin-top: 10px;\"><strong>\ud83c\udf0c Pernoite + Day Charter (24h a bordo)<\/strong><br \/>\nCheck-in: 17:15 \/ Desembarque: 17:00 do dia seguinte<br \/>\nR$ 3.000 at\u00e9 4 pessoas<br \/>\nR$ 4.000 at\u00e9 6 pessoas<br \/>\nIdeal para assistir ao p\u00f4r do sol, observar estrelas e ver o nascer do sol no mar.<\/li>\n<\/ul>\n<\/div>\n<p><!-- FAQS --><\/p>\n<div style=\"margin-top: 30px;\">\n<details style=\"border: 1px solid #ccc; border-radius: 6px; padding: 10px; margin-bottom: 10px;\">\n<summary style=\"cursor: pointer; font-weight: bold; color: #00a8f0;\">\ud83d\udcd8 Como fa\u00e7o para reservar?<\/summary>\n<p style=\"margin-top: 10px;\">Voc\u00ea pode reservar diretamente pelo bot\u00e3o do WhatsApp logo abaixo. A confirma\u00e7\u00e3o \u00e9 feita mediante pagamento antecipado.<\/p>\n<\/details>\n<details style=\"border: 1px solid #ccc; border-radius: 6px; padding: 10px; margin-bottom: 10px;\">\n<summary style=\"cursor: pointer; font-weight: bold; color: #00a8f0;\">\ud83d\udcd7 Qual \u00e9 a pol\u00edtica de cancelamento?<\/summary>\n<p style=\"margin-top: 10px;\">Cancelamentos pelo cliente n\u00e3o t\u00eam reembolso. Em caso de mau tempo, o passeio ser\u00e1 reagendado. Se o cliente n\u00e3o puder remarcar, devolvemos 90% do valor.<\/p>\n<\/details>\n<details style=\"border: 1px solid #ccc; border-radius: 6px; padding: 10px;\">\n<summary style=\"cursor: pointer; font-weight: bold; color: #00a8f0;\">\u2753 Perguntas Frequentes<\/summary>\n<p style=\"margin-top: 10px;\">Traga protetor solar, roupas confort\u00e1veis e prepare-se para relaxar. Todos os equipamentos de seguran\u00e7a est\u00e3o inclu\u00eddos.<\/p>\n<\/details>\n<\/div>\n<p><!-- BOT\u00c3O WHATSAPP ADAPTATIVO --><\/p>\n<div style=\"margin-top: 30px; text-align: center;\"><a style=\"display: inline-flex; align-items: center; justify-content: center; padding: 16px 32px; background: linear-gradient(to right, #facc15, #f010f8, #00a8f0); color: black; font-weight: 600; font-size: 14px; font-family: &#039;Arial&#039;, sans-serif; border-radius: 999px; text-decoration: none; text-transform: uppercase; box-shadow: 0 4px 12px rgba(0,0,0,0.2); transition: transform 0.2s ease-in-out; text-align: center; white-space: normal; line-height: 1.4; max-width: 90%; word-break: break-word;\" href=\"https:\/\/wa.me\/5548984245051?text=Ol\u00e1!%20Quero%20reservar%20o%20passeio%20de%20veleiro\" target=\"_blank\" rel=\"noopener\"><br \/>\nReservar agora pelo WhatsApp<br \/>\n<\/a> <\/p>\n<style>\n      a[href*=\"wa.me\"]:hover {<br \/>        transform: scale(1.05);<br \/>      }<br \/>    <\/style>\n<\/div>\n<p><!-- MAPA --><\/p>\n<div style=\"margin-top: 40px; text-align: center;\">\n<p><strong>Mapa de sa\u00edda<\/strong><\/p>\n<p style=\"font-size: 13px; color: #555;\">Ponto de encontro ser\u00e1 enviado ap\u00f3s a confirma\u00e7\u00e3o da reserva.<\/p>\n<div style=\"margin-top: 10px;\"><iframe loading=\"lazy\" style=\"border: 0; border-radius: 10px;\" src=\"https:\/\/www.google.com\/maps\/embed?pb=!1m14!1m12!1m3!1d14138.26163265159!2d-48.4897!3d-27.5089!2m3!1f0!2f0!3f0!3m2!1i1024!2i768!4f13.1!5e0!3m2!1spt-BR!2sbr!4v1712510072194!5m2!1spt-BR!2sbr\" width=\"100%\" height=\"200\" allowfullscreen=\"allowfullscreen\"><\/iframe><\/div>\n<\/div>\n<p><!-- GARANTIA --><\/p>\n<div style=\"margin-top: 30px; background-color: #e0fcff; border-left: 5px solid #20f8e8; padding: 15px; border-radius: 10px; box-shadow: 0px 0px 10px rgba(0, 168, 240, 0.3);\">\n<h3 style=\"color: #00a8f0; text-shadow: 0 0 3px rgba(0,168,240,0.5); display: flex; align-items: center; gap: 8px; font-size: 20px;\">\u2705 Garantia Floripa Aventura<\/h3>\n<p style=\"margin: 0; color: #222;\">Experi\u00eancia exclusiva, embarca\u00e7\u00e3o segura e conforto a bordo. Garantimos uma viv\u00eancia \u00fanica no mar de Floripa.<\/p>\n<\/div>\n<\/div>\n","protected":false},"excerpt":{"rendered":"<p><strong>Passeio de Veleiro em Florian\u00f3polis \u2013 Uma experi\u00eancia exclusiva de relaxamento e contempla\u00e7\u00e3o<\/strong><br \/>\nNavegue com conforto e tranquilidade pelas \u00e1guas calmas da ilha a bordo de um <strong>veleiro de 41 p\u00e9s com capit\u00e3o<\/strong>. Escolha entre um <strong>day charter de 6 horas<\/strong> ou uma <strong>viv\u00eancia completa com pernoite<\/strong> para curtir o p\u00f4r do sol, o c\u00e9u estrelado e o nascer do sol no mar.<\/p>\n<div style=\"display: flex; gap: 10px; margin-top: 10px; margin-bottom: 20px;\">\n<div style=\"width: 60px; height: 35px; overflow: hidden; display: flex; align-items: center; justify-content: center;\"><img decoding=\"async\" style=\"width: 75px; height: auto;\" src=\"https:\/\/floripaaventura.com\/wp-content\/uploads\/2025\/04\/Visa_FloripaAventura.png\" alt=\"Visa\" \/><\/div>\n<div style=\"width: 60px; height: 35px; overflow: hidden; display: flex; align-items: center; justify-content: center;\"><img decoding=\"async\" style=\"width: 75px; height: auto;\" src=\"https:\/\/floripaaventura.com\/wp-content\/uploads\/2025\/04\/Mastercard_FloripaAventura.png\" alt=\"Mastercard\" \/><\/div>\n<div style=\"width: 60px; height: 35px; overflow: hidden; display: flex; align-items: center; justify-content: center;\"><img decoding=\"async\" style=\"width: 75px; height: auto;\" src=\"https:\/\/floripaaventura.com\/wp-content\/uploads\/2025\/04\/American-Express_FloripaAventura.png\" alt=\"Amex\" \/><\/div>\n<div style=\"width: 60px; height: 35px; overflow: hidden; display: flex; align-items: center; justify-content: center;\"><img decoding=\"async\" style=\"width: 75px; height: auto;\" src=\"https:\/\/floripaaventura.com\/wp-content\/uploads\/2025\/04\/Paypal_FloripaAventura.png\" alt=\"Paypal\" \/><\/div>\n<div style=\"width: 60px; height: 35px; overflow: hidden; display: flex; align-items: center; justify-content: center;\"><img decoding=\"async\" style=\"width: 75px; height: auto;\" src=\"https:\/\/floripaaventura.com\/wp-content\/uploads\/2025\/04\/Pix_FloripaAventura.png\" alt=\"Pix\" \/><\/div>\n<\/div>\n","protected":false},"featured_media":1664,"template":"single-product","meta":{"saved_in_kubio":false,"_ca_background_video_url":"https:\/\/floripaaventura.com\/wp-content\/uploads\/2026\/03\/veleiro-passeio-floripa-velejar-em-floripa-veleiro.mp4","_ca_background_video_poster":""},"product_brand":[],"product_cat":[41],"product_tag":[212,216,215,210,218,214,213,217,219,211],"class_list":{"0":"post-1663","1":"product","2":"type-product","3":"status-publish","4":"has-post-thumbnail","6":"product_cat-uncategorized","7":"product_tag-day-charter-florianopolis","8":"product_tag-experiencia-em-veleiro","9":"product_tag-navegacao-a-vela-florianopolis","10":"product_tag-passeio-de-veleiro-florianopolis","11":"product_tag-passeio-exclusivo-no-mar","12":"product_tag-passeio-romantico-no-mar","13":"product_tag-pernoite-em-veleiro","14":"product_tag-veleiro-com-capitao","15":"product_tag-veleiro-com-pernoite","16":"product_tag-veleiro-santo-antonio-de-lisboa","18":"first","19":"instock","20":"virtual","21":"sold-individually","22":"purchasable","23":"product-type-simple"},"_links":{"self":[{"href":"https:\/\/floripaaventura.com\/pt\/wp-json\/wp\/v2\/product\/1663","targetHints":{"allow":["GET"]}}],"collection":[{"href":"https:\/\/floripaaventura.com\/pt\/wp-json\/wp\/v2\/product"}],"about":[{"href":"https:\/\/floripaaventura.com\/pt\/wp-json\/wp\/v2\/types\/product"}],"wp:featuredmedia":[{"embeddable":true,"href":"https:\/\/floripaaventura.com\/pt\/wp-json\/wp\/v2\/media\/1664"}],"wp:attachment":[{"href":"https:\/\/floripaaventura.com\/pt\/wp-json\/wp\/v2\/media?parent=1663"}],"wp:term":[{"taxonomy":"product_brand","embeddable":true,"href":"https:\/\/floripaaventura.com\/pt\/wp-json\/wp\/v2\/product_brand?post=1663"},{"taxonomy":"product_cat","embeddable":true,"href":"https:\/\/floripaaventura.com\/pt\/wp-json\/wp\/v2\/product_cat?post=1663"},{"taxonomy":"product_tag","embeddable":true,"href":"https:\/\/floripaaventura.com\/pt\/wp-json\/wp\/v2\/product_tag?post=1663"}],"curies":[{"name":"wp","href":"https:\/\/api.w.org\/{rel}","templated":true}]}}