{"id":2174,"date":"2025-05-29T19:19:52","date_gmt":"2025-05-29T16:19:52","guid":{"rendered":"https:\/\/floripaaventura.com\/?page_id=2174"},"modified":"2025-05-29T19:21:44","modified_gmt":"2025-05-29T16:21:44","slug":"cart","status":"publish","type":"page","link":"https:\/\/floripaaventura.com\/pt\/cart\/","title":{"rendered":"Cart"},"content":{"rendered":"\n<div data-block-name=\"woocommerce\/cart\" class=\"wp-block-woocommerce-cart alignwide is-loading\">\n<div data-block-name=\"woocommerce\/filled-cart-block\" class=\"wp-block-woocommerce-filled-cart-block\">\n<div data-block-name=\"woocommerce\/cart-items-block\" class=\"wp-block-woocommerce-cart-items-block\">\n<div data-block-name=\"woocommerce\/cart-line-items-block\" class=\"wp-block-woocommerce-cart-line-items-block\"><\/div>\n\n\n\n<div data-block-name=\"woocommerce\/cart-cross-sells-block\" class=\"wp-block-woocommerce-cart-cross-sells-block\">\n<h2 class=\"wp-block-heading has-large-font-size\">You may be interested in\u2026<\/h2>\n\n\n\n<div data-block-name=\"woocommerce\/cart-cross-sells-products-block\" class=\"wp-block-woocommerce-cart-cross-sells-products-block\"><\/div>\n<\/div>\n<\/div>\n\n\n\n<div data-block-name=\"woocommerce\/cart-totals-block\" class=\"wp-block-woocommerce-cart-totals-block\">\n<div data-block-name=\"woocommerce\/cart-order-summary-block\" class=\"wp-block-woocommerce-cart-order-summary-block\">\n<div data-block-name=\"woocommerce\/cart-order-summary-heading-block\" class=\"wp-block-woocommerce-cart-order-summary-heading-block\"><\/div>\n\n\n\n<div data-block-name=\"woocommerce\/cart-order-summary-coupon-form-block\" class=\"wp-block-woocommerce-cart-order-summary-coupon-form-block\"><\/div>\n\n\n\n<div data-block-name=\"woocommerce\/cart-order-summary-totals-block\" class=\"wp-block-woocommerce-cart-order-summary-totals-block\">\n<div data-block-name=\"woocommerce\/cart-order-summary-subtotal-block\" class=\"wp-block-woocommerce-cart-order-summary-subtotal-block\"><\/div>\n\n\n\n<div data-block-name=\"woocommerce\/cart-order-summary-fee-block\" class=\"wp-block-woocommerce-cart-order-summary-fee-block\"><\/div>\n\n\n\n<div data-block-name=\"woocommerce\/cart-order-summary-discount-block\" class=\"wp-block-woocommerce-cart-order-summary-discount-block\"><\/div>\n\n\n\n<div data-block-name=\"woocommerce\/cart-order-summary-shipping-block\" class=\"wp-block-woocommerce-cart-order-summary-shipping-block\"><\/div>\n\n\n\n<div data-block-name=\"woocommerce\/cart-order-summary-taxes-block\" class=\"wp-block-woocommerce-cart-order-summary-taxes-block\"><\/div>\n<\/div>\n<\/div>\n\n\n\n<div data-block-name=\"woocommerce\/cart-express-payment-block\" class=\"wp-block-woocommerce-cart-express-payment-block\"><\/div>\n\n\n\n<div data-block-name=\"woocommerce\/proceed-to-checkout-block\" class=\"wp-block-woocommerce-proceed-to-checkout-block\"><\/div>\n<div id=\"ppcp-recaptcha-v2-container\" style=\"margin:20px 0;\"><\/div>\n\n\n<div data-block-name=\"woocommerce\/cart-accepted-payment-methods-block\" class=\"wp-block-woocommerce-cart-accepted-payment-methods-block\"><\/div>\n<\/div>\n<\/div>\n\n\n\n<div data-block-name=\"woocommerce\/empty-cart-block\" class=\"wp-block-woocommerce-empty-cart-block\">\n<h2 class=\"wp-block-heading has-text-align-center with-empty-cart-icon wc-block-cart__empty-cart__title\">Your cart is currently empty!<\/h2>\n\n\n\n<hr class=\"wp-block-separator has-alpha-channel-opacity is-style-dots\"\/>\n\n\n\n<h2 class=\"wp-block-heading has-text-align-center\">New in store<\/h2>\n\n\n<div data-block-name=\"woocommerce\/product-new\" data-columns=\"4\" data-rows=\"1\" class=\"wc-block-grid wp-block-product-new wp-block-woocommerce-product-new wc-block-product-new has-4-columns\"><ul class=\"wc-block-grid__products\"><li class=\"wc-block-grid__product\">\n\t\t\t\t<a href=\"https:\/\/floripaaventura.com\/pt\/product\/rapel\/\" class=\"wc-block-grid__product-link\">\n\t\t\t\t\t\n\t\t\t\t\t<div class=\"wc-block-grid__product-image\"><img loading=\"lazy\" decoding=\"async\" width=\"300\" height=\"300\" src=\"https:\/\/floripaaventura.com\/wp-content\/uploads\/2025\/04\/rapel-com-vista-para-o-mar-na-trilha-do-gravata-em-florianopolis-em-descida-segura-de-35-metros-com-instrutor-experiente-1-300x300.png\" class=\"attachment-woocommerce_thumbnail size-woocommerce_thumbnail\" alt=\"rapel Florian\u00f3polis, trilha do Gravat\u00e1, aventura ao ar livre, paisagem natural rappel Florian\u00f3polis, sendero Gravat\u00e1, aventura al aire libre, vista al mar\" srcset=\"https:\/\/floripaaventura.com\/wp-content\/uploads\/2025\/04\/rapel-com-vista-para-o-mar-na-trilha-do-gravata-em-florianopolis-em-descida-segura-de-35-metros-com-instrutor-experiente-1-300x300.png 300w, https:\/\/floripaaventura.com\/wp-content\/uploads\/2025\/04\/rapel-com-vista-para-o-mar-na-trilha-do-gravata-em-florianopolis-em-descida-segura-de-35-metros-com-instrutor-experiente-1-1024x1024.png 1024w, https:\/\/floripaaventura.com\/wp-content\/uploads\/2025\/04\/rapel-com-vista-para-o-mar-na-trilha-do-gravata-em-florianopolis-em-descida-segura-de-35-metros-com-instrutor-experiente-1-150x150.png 150w, https:\/\/floripaaventura.com\/wp-content\/uploads\/2025\/04\/rapel-com-vista-para-o-mar-na-trilha-do-gravata-em-florianopolis-em-descida-segura-de-35-metros-com-instrutor-experiente-1-768x768.png 768w, https:\/\/floripaaventura.com\/wp-content\/uploads\/2025\/04\/rapel-com-vista-para-o-mar-na-trilha-do-gravata-em-florianopolis-em-descida-segura-de-35-metros-com-instrutor-experiente-1-1536x1536.png 1536w, https:\/\/floripaaventura.com\/wp-content\/uploads\/2025\/04\/rapel-com-vista-para-o-mar-na-trilha-do-gravata-em-florianopolis-em-descida-segura-de-35-metros-com-instrutor-experiente-1-2048x2048.png 2048w, https:\/\/floripaaventura.com\/wp-content\/uploads\/2025\/04\/rapel-com-vista-para-o-mar-na-trilha-do-gravata-em-florianopolis-em-descida-segura-de-35-metros-com-instrutor-experiente-1-1080x1080.png 1080w, https:\/\/floripaaventura.com\/wp-content\/uploads\/2025\/04\/rapel-com-vista-para-o-mar-na-trilha-do-gravata-em-florianopolis-em-descida-segura-de-35-metros-com-instrutor-experiente-1-600x600.png 600w, https:\/\/floripaaventura.com\/wp-content\/uploads\/2025\/04\/rapel-com-vista-para-o-mar-na-trilha-do-gravata-em-florianopolis-em-descida-segura-de-35-metros-com-instrutor-experiente-1-100x100.png 100w\" sizes=\"(max-width: 300px) 100vw, 300px\" \/><\/div>\n\t\t\t\t\t<div class=\"wc-block-grid__product-title\">RAPEL<\/div>\n\t\t\t\t<\/a>\n\t\t\t\t<div class=\"wc-block-grid__product-price price\"><span class=\"woocommerce-Price-amount amount\"><span class=\"woocommerce-Price-currencySymbol\">&#082;&#036;<\/span>&nbsp;250,00<\/span><\/div>\n\t\t\t\t\n\t\t\t\t<div class=\"wp-block-button wc-block-grid__product-add-to-cart\"><a href=\"\/pt\/wp-json\/wp\/v2\/pages\/2174?add-to-cart=1701\" aria-label=\"Adicione ao carrinho: &ldquo;RAPEL&rdquo;\" data-quantity=\"1\" data-product_id=\"1701\" data-product_sku=\"\" data-price=\"250\" rel=\"nofollow\" class=\"wp-block-button__link  add_to_cart_button ajax_add_to_cart\">Adicionar ao carrinho<\/a><\/div>\n\t\t\t<\/li><li class=\"wc-block-grid__product\">\n\t\t\t\t<a href=\"https:\/\/floripaaventura.com\/pt\/product\/experiencias-fotograficas\/\" class=\"wc-block-grid__product-link\">\n\t\t\t\t\t\n\t\t\t\t\t<div class=\"wc-block-grid__product-image\"><img loading=\"lazy\" decoding=\"async\" width=\"300\" height=\"300\" src=\"https:\/\/floripaaventura.com\/wp-content\/uploads\/2025\/04\/ensaio-fotografico-profissional-em-locacoes-externas-em-florianopolis-com-praias-parques-e-dunas-e-fotos-editadas-em-alta-resolucao-300x300.png\" class=\"attachment-woocommerce_thumbnail size-woocommerce_thumbnail\" alt=\"ensaio fotogr\u00e1fico Florian\u00f3polis, fotos em praia, fot\u00f3grafo profissional, sess\u00e3o ao ar livre sesi\u00f3n de fotos Florian\u00f3polis, fot\u00f3grafo en la playa, paisajes naturales, fotograf\u00eda profesional\" srcset=\"https:\/\/floripaaventura.com\/wp-content\/uploads\/2025\/04\/ensaio-fotografico-profissional-em-locacoes-externas-em-florianopolis-com-praias-parques-e-dunas-e-fotos-editadas-em-alta-resolucao-300x300.png 300w, https:\/\/floripaaventura.com\/wp-content\/uploads\/2025\/04\/ensaio-fotografico-profissional-em-locacoes-externas-em-florianopolis-com-praias-parques-e-dunas-e-fotos-editadas-em-alta-resolucao-1024x1024.png 1024w, https:\/\/floripaaventura.com\/wp-content\/uploads\/2025\/04\/ensaio-fotografico-profissional-em-locacoes-externas-em-florianopolis-com-praias-parques-e-dunas-e-fotos-editadas-em-alta-resolucao-150x150.png 150w, https:\/\/floripaaventura.com\/wp-content\/uploads\/2025\/04\/ensaio-fotografico-profissional-em-locacoes-externas-em-florianopolis-com-praias-parques-e-dunas-e-fotos-editadas-em-alta-resolucao-768x768.png 768w, https:\/\/floripaaventura.com\/wp-content\/uploads\/2025\/04\/ensaio-fotografico-profissional-em-locacoes-externas-em-florianopolis-com-praias-parques-e-dunas-e-fotos-editadas-em-alta-resolucao-1080x1080.png 1080w, https:\/\/floripaaventura.com\/wp-content\/uploads\/2025\/04\/ensaio-fotografico-profissional-em-locacoes-externas-em-florianopolis-com-praias-parques-e-dunas-e-fotos-editadas-em-alta-resolucao-600x600.png 600w, https:\/\/floripaaventura.com\/wp-content\/uploads\/2025\/04\/ensaio-fotografico-profissional-em-locacoes-externas-em-florianopolis-com-praias-parques-e-dunas-e-fotos-editadas-em-alta-resolucao-100x100.png 100w, https:\/\/floripaaventura.com\/wp-content\/uploads\/2025\/04\/ensaio-fotografico-profissional-em-locacoes-externas-em-florianopolis-com-praias-parques-e-dunas-e-fotos-editadas-em-alta-resolucao.png 1150w\" sizes=\"(max-width: 300px) 100vw, 300px\" \/><\/div>\n\t\t\t\t\t<div class=\"wc-block-grid__product-title\">EXPERI\u00caNCIAS FOTOGR\u00c1FICAS<\/div>\n\t\t\t\t<\/a>\n\t\t\t\t<div class=\"wc-block-grid__product-price price\"><span class=\"woocommerce-Price-amount amount\"><span class=\"woocommerce-Price-currencySymbol\">&#082;&#036;<\/span>&nbsp;350,00<\/span><\/div>\n\t\t\t\t\n\t\t\t\t<div class=\"wp-block-button wc-block-grid__product-add-to-cart\"><a href=\"\/pt\/wp-json\/wp\/v2\/pages\/2174?add-to-cart=1694\" aria-label=\"Adicione ao carrinho: &ldquo;EXPERI\u00caNCIAS FOTOGR\u00c1FICAS&rdquo;\" data-quantity=\"1\" data-product_id=\"1694\" data-product_sku=\"\" data-price=\"350\" rel=\"nofollow\" class=\"wp-block-button__link  add_to_cart_button ajax_add_to_cart\">Adicionar ao carrinho<\/a><\/div>\n\t\t\t<\/li><li class=\"wc-block-grid__product\">\n\t\t\t\t<a href=\"https:\/\/floripaaventura.com\/pt\/product\/transfer\/\" class=\"wc-block-grid__product-link\">\n\t\t\t\t\t\n\t\t\t\t\t<div class=\"wc-block-grid__product-image\"><img loading=\"lazy\" decoding=\"async\" width=\"300\" height=\"300\" src=\"https:\/\/floripaaventura.com\/wp-content\/uploads\/2025\/04\/roteiro-de-transfer-completo-para-visitar-as-sete-praias-mais-bonitas-de-florianopolis-em-um-unico-dia-de-aventura-e-belezas-naturais-300x300.png\" class=\"attachment-woocommerce_thumbnail size-woocommerce_thumbnail\" alt=\"roteiro-de-transfer-completo-para-visitar-as-sete-praias-mais-bonitas-de-florianopolis-em-um-unico-dia-de-aventura-e-belezas-naturais\" srcset=\"https:\/\/floripaaventura.com\/wp-content\/uploads\/2025\/04\/roteiro-de-transfer-completo-para-visitar-as-sete-praias-mais-bonitas-de-florianopolis-em-um-unico-dia-de-aventura-e-belezas-naturais-300x300.png 300w, https:\/\/floripaaventura.com\/wp-content\/uploads\/2025\/04\/roteiro-de-transfer-completo-para-visitar-as-sete-praias-mais-bonitas-de-florianopolis-em-um-unico-dia-de-aventura-e-belezas-naturais-1024x1024.png 1024w, https:\/\/floripaaventura.com\/wp-content\/uploads\/2025\/04\/roteiro-de-transfer-completo-para-visitar-as-sete-praias-mais-bonitas-de-florianopolis-em-um-unico-dia-de-aventura-e-belezas-naturais-150x150.png 150w, https:\/\/floripaaventura.com\/wp-content\/uploads\/2025\/04\/roteiro-de-transfer-completo-para-visitar-as-sete-praias-mais-bonitas-de-florianopolis-em-um-unico-dia-de-aventura-e-belezas-naturais-768x768.png 768w, https:\/\/floripaaventura.com\/wp-content\/uploads\/2025\/04\/roteiro-de-transfer-completo-para-visitar-as-sete-praias-mais-bonitas-de-florianopolis-em-um-unico-dia-de-aventura-e-belezas-naturais-1080x1080.png 1080w, https:\/\/floripaaventura.com\/wp-content\/uploads\/2025\/04\/roteiro-de-transfer-completo-para-visitar-as-sete-praias-mais-bonitas-de-florianopolis-em-um-unico-dia-de-aventura-e-belezas-naturais-600x600.png 600w, https:\/\/floripaaventura.com\/wp-content\/uploads\/2025\/04\/roteiro-de-transfer-completo-para-visitar-as-sete-praias-mais-bonitas-de-florianopolis-em-um-unico-dia-de-aventura-e-belezas-naturais-100x100.png 100w, https:\/\/floripaaventura.com\/wp-content\/uploads\/2025\/04\/roteiro-de-transfer-completo-para-visitar-as-sete-praias-mais-bonitas-de-florianopolis-em-um-unico-dia-de-aventura-e-belezas-naturais.png 1150w\" sizes=\"(max-width: 300px) 100vw, 300px\" \/><\/div>\n\t\t\t\t\t<div class=\"wc-block-grid__product-title\">TRANSFER<\/div>\n\t\t\t\t<\/a>\n\t\t\t\t<div class=\"wc-block-grid__product-price price\"><span class=\"woocommerce-Price-amount amount\"><span class=\"woocommerce-Price-currencySymbol\">&#082;&#036;<\/span>&nbsp;500,00<\/span><\/div>\n\t\t\t\t\n\t\t\t\t<div class=\"wp-block-button wc-block-grid__product-add-to-cart\"><a href=\"\/pt\/wp-json\/wp\/v2\/pages\/2174?add-to-cart=1692\" aria-label=\"Adicione ao carrinho: &ldquo;TRANSFER&rdquo;\" data-quantity=\"1\" data-product_id=\"1692\" data-product_sku=\"\" data-price=\"500\" rel=\"nofollow\" class=\"wp-block-button__link  add_to_cart_button ajax_add_to_cart\">Adicionar ao carrinho<\/a><\/div>\n\t\t\t<\/li><li class=\"wc-block-grid__product\">\n\t\t\t\t<a href=\"https:\/\/floripaaventura.com\/pt\/product\/eco-parque\/\" class=\"wc-block-grid__product-link\">\n\t\t\t\t\t\n\t\t\t\t\t<div class=\"wc-block-grid__product-image\"><img loading=\"lazy\" decoding=\"async\" width=\"300\" height=\"300\" src=\"https:\/\/floripaaventura.com\/wp-content\/uploads\/2025\/04\/atividade-de-arvorismo-e-arvorismo-kids-no-meio-da-floresta-com-pontes-suspensas-desafios-nas-alturas-e-diversao-em-familia-no-eco-parque-em-santo-amaro-da-imperatriz-300x300.png\" class=\"attachment-woocommerce_thumbnail size-woocommerce_thumbnail\" alt=\"arvorismo Florian\u00f3polis, eco parque, pontes suspensas, atividade infantil arborismo Brasil, parque de aventura, diversi\u00f3n ni\u00f1os, bosque\" srcset=\"https:\/\/floripaaventura.com\/wp-content\/uploads\/2025\/04\/atividade-de-arvorismo-e-arvorismo-kids-no-meio-da-floresta-com-pontes-suspensas-desafios-nas-alturas-e-diversao-em-familia-no-eco-parque-em-santo-amaro-da-imperatriz-300x300.png 300w, https:\/\/floripaaventura.com\/wp-content\/uploads\/2025\/04\/atividade-de-arvorismo-e-arvorismo-kids-no-meio-da-floresta-com-pontes-suspensas-desafios-nas-alturas-e-diversao-em-familia-no-eco-parque-em-santo-amaro-da-imperatriz-1024x1024.png 1024w, https:\/\/floripaaventura.com\/wp-content\/uploads\/2025\/04\/atividade-de-arvorismo-e-arvorismo-kids-no-meio-da-floresta-com-pontes-suspensas-desafios-nas-alturas-e-diversao-em-familia-no-eco-parque-em-santo-amaro-da-imperatriz-150x150.png 150w, https:\/\/floripaaventura.com\/wp-content\/uploads\/2025\/04\/atividade-de-arvorismo-e-arvorismo-kids-no-meio-da-floresta-com-pontes-suspensas-desafios-nas-alturas-e-diversao-em-familia-no-eco-parque-em-santo-amaro-da-imperatriz-768x768.png 768w, https:\/\/floripaaventura.com\/wp-content\/uploads\/2025\/04\/atividade-de-arvorismo-e-arvorismo-kids-no-meio-da-floresta-com-pontes-suspensas-desafios-nas-alturas-e-diversao-em-familia-no-eco-parque-em-santo-amaro-da-imperatriz-1536x1536.png 1536w, https:\/\/floripaaventura.com\/wp-content\/uploads\/2025\/04\/atividade-de-arvorismo-e-arvorismo-kids-no-meio-da-floresta-com-pontes-suspensas-desafios-nas-alturas-e-diversao-em-familia-no-eco-parque-em-santo-amaro-da-imperatriz-1080x1080.png 1080w, https:\/\/floripaaventura.com\/wp-content\/uploads\/2025\/04\/atividade-de-arvorismo-e-arvorismo-kids-no-meio-da-floresta-com-pontes-suspensas-desafios-nas-alturas-e-diversao-em-familia-no-eco-parque-em-santo-amaro-da-imperatriz-600x600.png 600w, https:\/\/floripaaventura.com\/wp-content\/uploads\/2025\/04\/atividade-de-arvorismo-e-arvorismo-kids-no-meio-da-floresta-com-pontes-suspensas-desafios-nas-alturas-e-diversao-em-familia-no-eco-parque-em-santo-amaro-da-imperatriz-100x100.png 100w, https:\/\/floripaaventura.com\/wp-content\/uploads\/2025\/04\/atividade-de-arvorismo-e-arvorismo-kids-no-meio-da-floresta-com-pontes-suspensas-desafios-nas-alturas-e-diversao-em-familia-no-eco-parque-em-santo-amaro-da-imperatriz.png 1600w\" sizes=\"(max-width: 300px) 100vw, 300px\" \/><\/div>\n\t\t\t\t\t<div class=\"wc-block-grid__product-title\">ECO PARQUE<\/div>\n\t\t\t\t<\/a>\n\t\t\t\t<div class=\"wc-block-grid__product-price price\"><span class=\"woocommerce-Price-amount amount\"><span class=\"woocommerce-Price-currencySymbol\">&#082;&#036;<\/span>&nbsp;150,00<\/span><\/div>\n\t\t\t\t\n\t\t\t\t<div class=\"wp-block-button wc-block-grid__product-add-to-cart\"><a href=\"\/pt\/wp-json\/wp\/v2\/pages\/2174?add-to-cart=1690\" aria-label=\"Adicione ao carrinho: &ldquo;ECO PARQUE&rdquo;\" data-quantity=\"1\" data-product_id=\"1690\" data-product_sku=\"\" data-price=\"150\" rel=\"nofollow\" class=\"wp-block-button__link  add_to_cart_button ajax_add_to_cart\">Adicionar ao carrinho<\/a><\/div>\n\t\t\t<\/li><\/ul><\/div><\/div>\n<\/div>\n","protected":false},"excerpt":{"rendered":"","protected":false},"author":1,"featured_media":0,"parent":0,"menu_order":0,"comment_status":"closed","ping_status":"closed","template":"","meta":{"saved_in_kubio":false,"footnotes":""},"class_list":["post-2174","page","type-page","status-publish","hentry"],"kubio_ai_page_context":{"short_desc":"","purpose":"general"},"_links":{"self":[{"href":"https:\/\/floripaaventura.com\/pt\/wp-json\/wp\/v2\/pages\/2174","targetHints":{"allow":["GET"]}}],"collection":[{"href":"https:\/\/floripaaventura.com\/pt\/wp-json\/wp\/v2\/pages"}],"about":[{"href":"https:\/\/floripaaventura.com\/pt\/wp-json\/wp\/v2\/types\/page"}],"author":[{"embeddable":true,"href":"https:\/\/floripaaventura.com\/pt\/wp-json\/wp\/v2\/users\/1"}],"replies":[{"embeddable":true,"href":"https:\/\/floripaaventura.com\/pt\/wp-json\/wp\/v2\/comments?post=2174"}],"version-history":[{"count":3,"href":"https:\/\/floripaaventura.com\/pt\/wp-json\/wp\/v2\/pages\/2174\/revisions"}],"predecessor-version":[{"id":2181,"href":"https:\/\/floripaaventura.com\/pt\/wp-json\/wp\/v2\/pages\/2174\/revisions\/2181"}],"wp:attachment":[{"href":"https:\/\/floripaaventura.com\/pt\/wp-json\/wp\/v2\/media?parent=2174"}],"curies":[{"name":"wp","href":"https:\/\/api.w.org\/{rel}","templated":true}]}}